{"id":4440,"date":"2018-01-17T00:50:50","date_gmt":"2018-01-16T23:50:50","guid":{"rendered":"https:\/\/iskcrocks.com\/?page_id=4440"},"modified":"2018-01-17T00:53:07","modified_gmt":"2018-01-16T23:53:07","slug":"the-black-noodle-project-2","status":"publish","type":"page","link":"https:\/\/iskcrocks.com\/?page_id=4440","title":{"rendered":"The Black Noodle Project"},"content":{"rendered":"<p><img data-recalc-dims=\"1\" decoding=\"async\" src=\"https:\/\/i0.wp.com\/iskcrocks.com\/foto\/Black%20Noodle%20ProjectrFull.jpg?w=848&#038;ssl=1\" alt=\"Black Noodle ProjectrFull.jpg\" \/><\/p>\n<p>The Black Noodle Project was initiated by Jeremie Grima in 2001. After having recorded several demos on his own, including &#8220;Dark Smiles&#8230;&#8221; in 2003, Jeremie gathered some musicians together and recorded the band&#8217;s first album, &#8220;And Life Goes On&#8230;&#8221;, in 2004. The CD was released by the French record label Musea.<\/p>\n<p>Jeremie, along with Sebastien Bourdeix, a guitarist in the band, recorded the &#8220;Stereoscope&#8221; CD together in 2005, which is a kind of light and acoustic version of Black Noodle and which is considered as part of the Black Noodle Project&#8217;s discography. In 2006, the band recorded the album &#8220;Play Again&#8221; and played several gigs in France while composing &#8220;Eleonore&#8221;, a concept album melting short novel writting, art and music. This CD was released in 2008.<\/p>\n<p>The Black Noodle Project has also played for festivals, including the Crescendo in France, and toured Poland as a headlining band. While there, they landed a deal with the Polish label Oskar, who released the CD+DVD Live, &#8220;And Live Goes On&#8230; in Poland&#8221;, and a new album: &#8220;Ready to Go&#8221;.<\/p>\n<p>The band went back to Poland to tour, continued to play gigs in France, and also played during several festivals, including the French festival, Prog&#8217;Sud. In 2011, Oskar released a double CD, &#8220;Dark &#038; Early Smiles&#8221;, which contains some of the band&#8217;s early demos. A few months later, the band co-produced &#8220;(Im)Memorial&#8221;, a 7&#8221; vinyl split EP with the french post metal band Eyes Front North.<\/p>\n<p>In 2013, Jeremie and Sebastien continued to work on the new Black Noodle Project&#8217;s album : &#8220;Ghosts &#038; Memories&#8221;. It was released with the german label Progressive Promotion.<\/p>\n<p>Both of them are working on a new album : &#8220;Divided we Fall&#8221;, which will be released during the fall of 2017. Tommy Rizzitelli ijoined the band as a new drummer, and Fr\u00e9d\u00e9ric Motte (aKa El Mobo) is playing bass bass guitars and is producting the CD.<\/p>\n<p>Members :<\/p>\n<p>J\u00e9r\u00e9mie Grima (guitars\/voice\/programming) : 2001-now (all albums \/ live)<br \/>\nS\u00e9bastien Bourdeix (guitars) : 2004-now (S, PA, E, RG, GM, DF \/ live)*<\/p>\n<p>Tommy Rizzitelli (drums) : 2017 (DF)*<br \/>\nFr\u00e9d\u00e9ric Motte (bass\/sound engineer) : 2017 (DF)*<br \/>\nAnthony L\u00e9t\u00e9v\u00e9 (bass) : 2003-2011 (AL, PA, E, RG \/ live)*<br \/>\nFabrice Berger (drums) : 2007-2013  (E, RG, DF \/ live)*<br \/>\nElad Berliner (sound engineer) : 2004-2010 (AL, PA, E, RG \/ live)*<br \/>\nMatthieu Jaubert (keyboards) : 2003-2006 \/ 2010-2011 (AL, PA, RG \/ live)*<br \/>\nFranck Girault (drums): 2005-2007 (PA \/ live)*<br \/>\nNicolas Simon (guitars) : 2010-2011 (live)<br \/>\nLionel Forest (sound engineer) : 2011-2013 (GM \/ live)*<br \/>\nArnaud Rousset (drums) : 2003-2004 (AL)*<\/p>\n<p>* AL=And Life Goes on&#8230;, S=Stereoscope, PA=Play Again, E=Eleonore, RG=Ready to Go, GM=Ghosts &#038; Memories, DF=Divided we Fall <\/p>\n<p>Website: <a href=\"https:\/\/theblacknoodleproject.blogspot.nl\/\" rel=\"noopener\" target=\"_blank\">https:\/\/theblacknoodleproject.blogspot.nl\/<\/a><br \/>\nFacebook: <a href=\"https:\/\/www.facebook.com\/The-Black-Noodle-Project-391281661030\/\" rel=\"noopener\" target=\"_blank\">https:\/\/www.facebook.com\/The-Black-Noodle-Project-391281661030\/<\/a><\/p>\n","protected":false},"excerpt":{"rendered":"<p class=\"excerpt\">The Black Noodle Project was initiated by Jeremie Grima in 2001. After having recorded several demos on his own, including &#8220;Dark Smiles&#8230;&#8221; in 2003, Jeremie gathered some musicians together and recorded the band&#8217;s first album, &#8220;And Life Goes On&#8230;&#8221;, in 2004. The CD was released by the French record label Musea. Jeremie, along with Sebastien Bourdeix, a guitarist in the&hellip; <a href=\"https:\/\/iskcrocks.com\/?page_id=4440\">Read more &rarr;<\/a><\/p>\n","protected":false},"author":8,"featured_media":0,"parent":0,"menu_order":0,"comment_status":"closed","ping_status":"closed","template":"","meta":{"jetpack_post_was_ever_published":false,"footnotes":""},"class_list":["post-4440","page","type-page","status-publish","hentry","xfolkentry"],"jetpack_shortlink":"https:\/\/wp.me\/PbEcyi-19C","jetpack_sharing_enabled":true,"jetpack_likes_enabled":true,"_links":{"self":[{"href":"https:\/\/iskcrocks.com\/index.php?rest_route=\/wp\/v2\/pages\/4440","targetHints":{"allow":["GET"]}}],"collection":[{"href":"https:\/\/iskcrocks.com\/index.php?rest_route=\/wp\/v2\/pages"}],"about":[{"href":"https:\/\/iskcrocks.com\/index.php?rest_route=\/wp\/v2\/types\/page"}],"author":[{"embeddable":true,"href":"https:\/\/iskcrocks.com\/index.php?rest_route=\/wp\/v2\/users\/8"}],"replies":[{"embeddable":true,"href":"https:\/\/iskcrocks.com\/index.php?rest_route=%2Fwp%2Fv2%2Fcomments&post=4440"}],"version-history":[{"count":0,"href":"https:\/\/iskcrocks.com\/index.php?rest_route=\/wp\/v2\/pages\/4440\/revisions"}],"wp:attachment":[{"href":"https:\/\/iskcrocks.com\/index.php?rest_route=%2Fwp%2Fv2%2Fmedia&parent=4440"}],"curies":[{"name":"wp","href":"https:\/\/api.w.org\/{rel}","templated":true}]}}